{"id":2,"date":"2013-01-17T10:01:17","date_gmt":"2013-01-17T10:01:17","guid":{"rendered":"http:\/\/leovida.com\/Blog\/\/?page_id=2"},"modified":"2024-05-16T11:51:27","modified_gmt":"2024-05-16T09:51:27","slug":"about","status":"publish","type":"page","link":"https:\/\/www.leovida.com\/Blog\/about\/","title":{"rendered":"A propos de Leovida"},"content":{"rendered":"<p><a title=\"Leovida\" href=\"http:\/\/www.leovida.com\">Leovida<\/a> est une soci\u00e9t\u00e9 sp\u00e9cialis\u00e9e dans le m\u00e9nage et le repassage \u00e0 domicile sur la m\u00e9tropole Lilloise.<\/p>\n","protected":false},"excerpt":{"rendered":"<p>Leovida est une soci\u00e9t\u00e9 sp\u00e9cialis\u00e9e dans le m\u00e9nage et le repassage \u00e0 domicile sur la m\u00e9tropole Lilloise.<\/p>\n","protected":false},"author":1,"featured_media":0,"parent":0,"menu_order":0,"comment_status":"open","ping_status":"open","template":"","meta":{"_monsterinsights_skip_tracking":false,"_monsterinsights_sitenote_active":false,"_monsterinsights_sitenote_note":"","_monsterinsights_sitenote_category":0,"footnotes":""},"class_list":["post-2","page","type-page","status-publish","hentry"],"_links":{"self":[{"href":"https:\/\/www.leovida.com\/Blog\/wp-json\/wp\/v2\/pages\/2","targetHints":{"allow":["GET"]}}],"collection":[{"href":"https:\/\/www.leovida.com\/Blog\/wp-json\/wp\/v2\/pages"}],"about":[{"href":"https:\/\/www.leovida.com\/Blog\/wp-json\/wp\/v2\/types\/page"}],"author":[{"embeddable":true,"href":"https:\/\/www.leovida.com\/Blog\/wp-json\/wp\/v2\/users\/1"}],"replies":[{"embeddable":true,"href":"https:\/\/www.leovida.com\/Blog\/wp-json\/wp\/v2\/comments?post=2"}],"version-history":[{"count":4,"href":"https:\/\/www.leovida.com\/Blog\/wp-json\/wp\/v2\/pages\/2\/revisions"}],"predecessor-version":[{"id":2210,"href":"https:\/\/www.leovida.com\/Blog\/wp-json\/wp\/v2\/pages\/2\/revisions\/2210"}],"wp:attachment":[{"href":"https:\/\/www.leovida.com\/Blog\/wp-json\/wp\/v2\/media?parent=2"}],"curies":[{"name":"wp","href":"https:\/\/api.w.org\/{rel}","templated":true}]}}